{"id":2139,"date":"2023-12-01T07:27:50","date_gmt":"2023-12-01T07:27:50","guid":{"rendered":"https:\/\/genteayudandogentesv.org\/?page_id=2139"},"modified":"2023-12-02T23:36:20","modified_gmt":"2023-12-02T23:36:20","slug":"ginecologia","status":"publish","type":"page","link":"https:\/\/genteayudandogentesv.org\/en\/ginecologia\/","title":{"rendered":"Ginecolog\u00eda"},"content":{"rendered":"<div data-elementor-type=\"wp-page\" data-elementor-id=\"2139\" class=\"elementor elementor-2139\">\n\t\t\t\t\t\t\t\t\t<section class=\"elementor-section elementor-top-section elementor-element elementor-element-1ee04f3 elementor-section-stretched elementor-section-boxed elementor-section-height-default elementor-section-height-default\" data-id=\"1ee04f3\" data-element_type=\"section\" data-settings=\"{&quot;stretch_section&quot;:&quot;section-stretched&quot;}\">\n\t\t\t\t\t\t<div class=\"elementor-container elementor-column-gap-default\">\n\t\t\t\t\t<div class=\"elementor-column elementor-col-100 elementor-top-column elementor-element elementor-element-b2c2396\" data-id=\"b2c2396\" data-element_type=\"column\">\n\t\t\t<div class=\"elementor-widget-wrap elementor-element-populated\">\n\t\t\t\t\t\t\t\t<div class=\"elementor-element elementor-element-cbdf9cc elementor-widget__width-inherit elementor-widget elementor-widget-purehearts_slider_v1\" data-id=\"cbdf9cc\" data-element_type=\"widget\" data-widget_type=\"purehearts_slider_v1.default\">\n\t\t\t\t<div class=\"elementor-widget-container\">\n\t\t\t\t\t\n        <!-- banner-section -->\n        <section class=\"banner-section\" id=\"home\">\n            <div class=\"banner-carousel\">\n                <div class=\"swiper-container banner-content\">\n                    <div class=\"swiper-wrapper\">\n                                                <div class=\"swiper-slide\">\n                            <div class=\"image-layer\" style=\"background-image: url(https:\/\/genteayudandogentesv.org\/wp-content\/uploads\/2023\/12\/jornadas-ginecologica-gente-ayudando-gente.jpeg);\"><\/div>                            <div class=\"auto-container\">\n                                <div class=\"content-box\">\n                                    <h2>Buscamos llevar Jornadas Ginecol\u00f3gicas<\/h2>                                                                        <h2>a m\u00e1s lugares de El Salvador<\/h2>                                    <p>Este programa ha apoyado a m\u00e1s de +9,500 mujeres, ayuda a que ese n\u00famero siga creciendo. <\/p>                                                                        <div class=\"btn-box\">\n                                        <a href=\"https:\/\/niuapp.io\/payments\/2466\/27462510\/27462510\" class=\"banner-btn\">Dona Aqui<\/a>\n                                    <\/div>\n                                                                    <\/div>\n                            <\/div>\n                            <div class=\"othre-text centred\">\n                                <span class=\"animation_text_word\"><\/span>\n                            <\/div>\n                        <\/div>\n                                            <\/div>\n                    <div class=\"swiper-nav-button\">\n                        <!-- Add Arrows -->\n                        <div class=\"swiper-button-next\"><i class=\"fa fa-arrow-right\"><\/i><\/div>\n                        <div class=\"swiper-button-prev\"><i class=\"fa fa-arrow-left\"><\/i><\/div>\n                    <\/div>                    \n                <\/div>\n            <\/div>\n            \n            <div class=\"banner-thumbs-carousel\">\n                <div class=\"pattern-layer\" style=\"background-image: url(https:\/\/genteayudandogentesv.org\/wp-content\/uploads\/2021\/07\/shape-10.png);\"><\/div>                <div class=\"swiper-container banner-thumbs\">\n                    <div class=\"swiper-wrapper\">\n                                                <div class=\"swiper-slide\">\n                            <div class=\"single-item\">\n                                <div class=\"icon-box\">\n                                    <div class=\"icon\"><i class=\"icon-childrens-book\"><\/i><\/div>\n                                    <span>01<\/span>\n                                <\/div>\n                                <div class=\"text\">\n                                    <span class=\"top-text\">Donate to<\/span>\n                                    <h3>Education &amp; <br \/>Food<\/h3>\n                                                                        <a href=\"http:\/\/fastwpdemo.com\/newwp\/purehearts\/donations-2-columns\/\">More Details<\/a>\n                                \t                                <\/div>\n                                <figure class=\"image-box\"><img src=\"https:\/\/genteayudandogentesv.org\/wp-content\/uploads\/2021\/07\/banner-img-1.png\" alt=\"Awesome Image\"><\/figure>                            <\/div>\n                        <\/div>\n                                                <div class=\"swiper-slide\">\n                            <div class=\"single-item\">\n                                <div class=\"icon-box\">\n                                    <div class=\"icon\"><i class=\"icon-first-aid-kit\"><\/i><\/div>\n                                    <span>02<\/span>\n                                <\/div>\n                                <div class=\"text\">\n                                    <span class=\"top-text\">Donate to<\/span>\n                                    <h3>Surgery <br \/>&amp; Treatments<\/h3>\n                                                                        <a href=\"http:\/\/fastwpdemo.com\/newwp\/purehearts\/donations-3-columns\/\">More Details<\/a>\n                                \t                                <\/div>\n                                <figure class=\"image-box\"><img src=\"https:\/\/genteayudandogentesv.org\/wp-content\/uploads\/2021\/07\/banner-img-2.png\" alt=\"Awesome Image\"><\/figure>                            <\/div>\n                        <\/div>\n                                                <div class=\"swiper-slide\">\n                            <div class=\"single-item\">\n                                <div class=\"icon-box\">\n                                    <div class=\"icon\"><i class=\"icon-save\"><\/i><\/div>\n                                    <span>03<\/span>\n                                <\/div>\n                                <div class=\"text\">\n                                    <span class=\"top-text\">Donate to<\/span>\n                                    <h3>Environmetal <br \/>Protection<\/h3>\n                                                                        <a href=\"http:\/\/fastwpdemo.com\/newwp\/purehearts\/donations-list-view\/\">More Details<\/a>\n                                \t                                <\/div>\n                                <figure class=\"image-box\"><img src=\"https:\/\/genteayudandogentesv.org\/wp-content\/uploads\/2021\/07\/banner-img-3.png\" alt=\"Awesome Image\"><\/figure>                            <\/div>\n                        <\/div>\n                                            <\/div>\n                    <div class=\"swiper-nav-button\">\n                        <!-- Add Arrows -->\n                        <div class=\"swiper-button-next\"><i class=\"fa fa-arrow-left\"><\/i><\/div>\n                        <div class=\"swiper-button-prev\"><i class=\"fa fa-arrow-right\"><\/i><\/div>\n                    <\/div>\n                <\/div>\n            <\/div>\n            \n        <\/section>\n        <!-- banner-section end -->\n                 \n        \t\t<\/div>\n\t\t\t\t<\/div>\n\t\t\t\t\t<\/div>\n\t\t<\/div>\n\t\t\t\t\t\t\t<\/div>\n\t\t<\/section>\n\t\t\t\t<section class=\"elementor-section elementor-top-section elementor-element elementor-element-f870322 elementor-section-full_width elementor-section-stretched elementor-section-height-default elementor-section-height-default\" data-id=\"f870322\" data-element_type=\"section\" data-settings=\"{&quot;stretch_section&quot;:&quot;section-stretched&quot;}\">\n\t\t\t\t\t\t<div class=\"elementor-container elementor-column-gap-default\">\n\t\t\t\t\t<div class=\"elementor-column elementor-col-100 elementor-top-column elementor-element elementor-element-cacd275\" data-id=\"cacd275\" data-element_type=\"column\">\n\t\t\t<div class=\"elementor-widget-wrap elementor-element-populated\">\n\t\t\t\t\t\t\t\t<div class=\"elementor-element elementor-element-4622386 elementor-widget elementor-widget-purehearts_about_us\" data-id=\"4622386\" data-element_type=\"widget\" data-widget_type=\"purehearts_about_us.default\">\n\t\t\t\t<div class=\"elementor-widget-container\">\n\t\t\t        \n         <!-- about-section -->\n        <section class=\"about-section sec-pad\" id=\"about\">\n            <div class=\"pattern-layer\" style=\"background-image: url(https:\/\/genteayudandogentesv.org\/wp-content\/uploads\/2021\/07\/shape-5.png);\"><\/div>            <div class=\"auto-container\">\n                <div class=\"row clearfix\">\n                                        <div class=\"col-lg-6 col-md-12 col-sm-12 image-column\">\n                        <div class=\"image_block_1\">\n                            <div class=\"image-box\">\n                                <figure class=\"image image-1\"><img src=\"https:\/\/genteayudandogentesv.org\/wp-content\/uploads\/2023\/12\/clinica-ginecologica-gag.webp\" alt=\"Awesome Image\"><\/figure>                                <figure class=\"image image-2\"><img src=\"https:\/\/genteayudandogentesv.org\/wp-content\/uploads\/2023\/12\/donacion-gente-ayudando-gente.webp\" alt=\"Awesome Image\"><\/figure>                                \t\t\t\t\t\t\t\t                                <div class=\"text\">\n                                    <h4><i class=\"icon-donation\"><\/i>Nuestra meta de este a\u00f1o es ayudar a 10,000 mujeres<\/h4>\n                                <\/div>\n                                                            <\/div>\n                        <\/div>\n                    <\/div>\n                                        <div class=\"col-lg-6 col-md-12 col-sm-12 content-column\">\n                        <div class=\"content_block_1\">\n                            <div class=\"content-box\">\n                                <div class=\"inner\">\n                                                                        <div class=\"sec-title\">\n                                        <span class=\"top-text\">Detecci\u00f3n Temprana de C\u00e1ncer de mama<\/span>                                        <h2> \u00a1Tu donaci\u00f3n, hace la diferencia!   <\/h2>                                    <\/div>\n                                                                                                            <div class=\"text\">\n                                        El equipo de Gente Ayudando Gente, est\u00e1 listo para llevar este rayo de esperanza a tantas personas alrededor de nuestro pa\u00eds. <br \/><br \/>\n\nUna jornada ginecol\u00f3gica, usualmente atiende de 10 - 15 pacientes por visita, apadrina a una mujer donando $25.00, costo completo por jornada $350.00 <br \/>\n<br \/>\n\n \u00a1Tu donaci\u00f3n, hace la diferencia!                                       <\/div>\n                                                                                                            <div class=\"btn-box\">\n                                        <a href=\"https:\/\/niuapp.io\/payments\/2466\/27462510\/27462510\" class=\"theme-btn btn-one\">Dona Aqu\u00ed<\/a>\n                                    <\/div>\n                                                                    <\/div>\n                                <div class=\"funfact-inner\">\n                                                                        <div class=\"counter-block-one wow fadeInRight animated animated\" data-wow-delay=\"00ms\" data-wow-duration=\"1500ms\">\n                                        <div class=\"inner-box\">\n                                            <div class=\"icon-box\"><i class=\"icon-charity\"><\/i><\/div>\n                                            <div class=\"count-outer count-box\">\n                                                <span class=\"count-text\" data-speed=\"1500\" data-stop=\"9500\">0<\/span>                                            <\/div>\n                                            <h4>Mujeres Beneficiadas<\/h4>\n                                        <\/div>\n                                    <\/div>\n                                                                        <div class=\"counter-block-one wow fadeInRight animated animated\" data-wow-delay=\"00ms\" data-wow-duration=\"1500ms\">\n                                        <div class=\"inner-box\">\n                                            <div class=\"icon-box\"><i class=\"icon-donation-2\"><\/i><\/div>\n                                            <div class=\"count-outer count-box\">\n                                                <span class=\"count-text\" data-speed=\"1500\" data-stop=\"5040\">0<\/span><span>$<\/span>                                            <\/div>\n                                            <h4>Meta en D\u00f3lares<\/h4>\n                                        <\/div>\n                                    <\/div>\n                                                                    <\/div>\n                            <\/div>\n                        <\/div>\n                    <\/div>\n                <\/div>\n            <\/div>\n        <\/section>\n        <!-- about-section end -->\n        \n\t\t\t\t<\/div>\n\t\t\t\t<\/div>\n\t\t\t\t\t<\/div>\n\t\t<\/div>\n\t\t\t\t\t\t\t<\/div>\n\t\t<\/section>\n\t\t\t\t\t\t\t<\/div>","protected":false},"excerpt":{"rendered":"<p>Buscamos llevar Jornadas Ginecol\u00f3gicas a m\u00e1s lugares de El Salvador Este programa ha apoyado a m\u00e1s de +9,500 mujeres, ayuda a que ese n\u00famero siga creciendo. Dona Aqui 01 Donate [&hellip;]<\/p>\n","protected":false},"author":1,"featured_media":0,"parent":0,"menu_order":0,"comment_status":"closed","ping_status":"closed","template":"","meta":[],"_links":{"self":[{"href":"https:\/\/genteayudandogentesv.org\/en\/wp-json\/wp\/v2\/pages\/2139"}],"collection":[{"href":"https:\/\/genteayudandogentesv.org\/en\/wp-json\/wp\/v2\/pages"}],"about":[{"href":"https:\/\/genteayudandogentesv.org\/en\/wp-json\/wp\/v2\/types\/page"}],"author":[{"embeddable":true,"href":"https:\/\/genteayudandogentesv.org\/en\/wp-json\/wp\/v2\/users\/1"}],"replies":[{"embeddable":true,"href":"https:\/\/genteayudandogentesv.org\/en\/wp-json\/wp\/v2\/comments?post=2139"}],"version-history":[{"count":97,"href":"https:\/\/genteayudandogentesv.org\/en\/wp-json\/wp\/v2\/pages\/2139\/revisions"}],"predecessor-version":[{"id":2336,"href":"https:\/\/genteayudandogentesv.org\/en\/wp-json\/wp\/v2\/pages\/2139\/revisions\/2336"}],"wp:attachment":[{"href":"https:\/\/genteayudandogentesv.org\/en\/wp-json\/wp\/v2\/media?parent=2139"}],"curies":[{"name":"wp","href":"https:\/\/api.w.org\/{rel}","templated":true}]}}