{"id":2231,"date":"2023-12-02T18:03:31","date_gmt":"2023-12-02T18:03:31","guid":{"rendered":"https:\/\/genteayudandogentesv.org\/?page_id=2231"},"modified":"2026-02-24T05:39:18","modified_gmt":"2026-02-24T05:39:18","slug":"escuela-culinaria","status":"publish","type":"page","link":"https:\/\/genteayudandogentesv.org\/en\/escuela-culinaria\/","title":{"rendered":"Culinary School"},"content":{"rendered":"\t\t<div data-elementor-type=\"wp-page\" data-elementor-id=\"2231\" class=\"elementor elementor-2231\">\n\t\t\t\t\t\t\t\t\t<section class=\"elementor-section elementor-top-section elementor-element elementor-element-556ee0a elementor-section-full_width elementor-section-height-default elementor-section-height-default\" data-id=\"556ee0a\" data-element_type=\"section\">\n\t\t\t\t\t\t<div class=\"elementor-container elementor-column-gap-default\">\n\t\t\t\t\t<div class=\"elementor-column elementor-col-100 elementor-top-column elementor-element elementor-element-9d78717\" data-id=\"9d78717\" data-element_type=\"column\">\n\t\t\t<div class=\"elementor-widget-wrap elementor-element-populated\">\n\t\t\t\t\t\t\t\t<div class=\"elementor-element elementor-element-82feb49 elementor-widget elementor-widget-purehearts_about_us_v2\" data-id=\"82feb49\" data-element_type=\"widget\" data-widget_type=\"purehearts_about_us_v2.default\">\n\t\t\t\t<div class=\"elementor-widget-container\">\n\t\t\t        \n        <!-- about-style-two -->\n        <section class=\"about-style-two sec-pad\">\n            <div class=\"auto-container\">\n                <div class=\"row clearfix\">\n                    <div class=\"col-lg-8 col-md-12 col-sm-12 content-column\">\n                        <div class=\"content_block_4\">\n                            <div class=\"content-box\">\n                                                                                                <div class=\"chart-box\">\n                                                                                                                                                <ul class=\"clearfix\">\n                                                                                <li><b>Entre aromas y sabores, tambi\u00e9n se cocina el futuro<\/b><\/li>\n                                                                            <\/ul>\n                                                                    <\/div>\n                                <figure class=\"image-box\"><img src=\"https:\/\/genteayudandogentesv.org\/wp-content\/uploads\/2025\/12\/escuela_culinaria_gente_ayudando_gente.webp\" alt=\"Awesome Image\"><\/figure>                            <\/div>\n                        <\/div>\n                    <\/div>\n                    <div class=\"col-lg-4 col-md-12 col-sm-12 content-column\">\n                        <div class=\"content_block_5\">\n                            <div class=\"content-box\">\n                                                                <div class=\"sec-title style-two\">\n                                    <span class=\"top-text\">Programa <\/span>                                    <h2>Escuela Culinaria<\/h2>                                <\/div>\n                                                                                                <div class=\"text\">\n                                    Nuestro programa de Escuela Culinaria brinda oportunidades reales de superaci\u00f3n a personas que sue\u00f1an con una vida m\u00e1s estable y digna. Gracias a esta formaci\u00f3n, muchos participantes hoy han emprendido sus propios negocios o forman parte de reconocidos restaurantes, fortaleciendo su econom\u00eda y transformando el futuro de sus familias.                                <\/div>\n                                                                \n                                <div class=\"inner-box\">\n                                                                        <div class=\"single-item\">\n                                        <div class=\"icon-box\"><i class=\"fa fa-check\"><\/i><\/div>\n                                        <h3><\/h3>\n                                        <p>M\u00e1s que una formaci\u00f3n en gastronom\u00eda, este programa ha sido una oportunidad para que los sue\u00f1os se conviertan en realidades y las habilidades se\ntransformen en esperanza.<\/p>\n                                    <\/div>\n                                                                    <\/div>\n                                                                <div class=\"btn-box\">\n                                    <a href=\"\/donar\" class=\"theme-btn btn-one\">Donar al programa<\/a>\n                                <\/div>\n                                                                \n                            <\/div>\n                        <\/div>\n                    <\/div>\n                <\/div>\n            <\/div>\n        <\/section>\n        <!-- about-style-two end -->\n                \n\t\t\t\t<\/div>\n\t\t\t\t<\/div>\n\t\t\t\t\t<\/div>\n\t\t<\/div>\n\t\t\t\t\t\t\t<\/div>\n\t\t<\/section>\n\t\t\t\t<section class=\"elementor-section elementor-top-section elementor-element elementor-element-918c9f2 elementor-section-boxed elementor-section-height-default elementor-section-height-default\" data-id=\"918c9f2\" data-element_type=\"section\">\n\t\t\t\t\t\t<div class=\"elementor-container elementor-column-gap-default\">\n\t\t\t\t\t<div class=\"elementor-column elementor-col-100 elementor-top-column elementor-element elementor-element-df14b0c\" data-id=\"df14b0c\" data-element_type=\"column\">\n\t\t\t<div class=\"elementor-widget-wrap elementor-element-populated\">\n\t\t\t\t\t\t\t\t<div class=\"elementor-element elementor-element-84abc39 elementor-widget elementor-widget-heading\" data-id=\"84abc39\" data-element_type=\"widget\" data-widget_type=\"heading.default\">\n\t\t\t\t<div class=\"elementor-widget-container\">\n\t\t\t<style>\/*! elementor - v3.7.7 - 20-09-2022 *\/\n.elementor-heading-title{padding:0;margin:0;line-height:1}.elementor-widget-heading .elementor-heading-title[class*=elementor-size-]>a{color:inherit;font-size:inherit;line-height:inherit}.elementor-widget-heading .elementor-heading-title.elementor-size-small{font-size:15px}.elementor-widget-heading .elementor-heading-title.elementor-size-medium{font-size:19px}.elementor-widget-heading .elementor-heading-title.elementor-size-large{font-size:29px}.elementor-widget-heading .elementor-heading-title.elementor-size-xl{font-size:39px}.elementor-widget-heading .elementor-heading-title.elementor-size-xxl{font-size:59px}<\/style><h2 class=\"elementor-heading-title elementor-size-default\">Nuestro Impacto<\/h2>\t\t<\/div>\n\t\t\t\t<\/div>\n\t\t\t\t<section class=\"elementor-section elementor-inner-section elementor-element elementor-element-a26369f elementor-section-boxed elementor-section-height-default elementor-section-height-default\" data-id=\"a26369f\" data-element_type=\"section\">\n\t\t\t\t\t\t<div class=\"elementor-container elementor-column-gap-default\">\n\t\t\t\t\t<div class=\"elementor-column elementor-col-33 elementor-inner-column elementor-element elementor-element-6604e28\" data-id=\"6604e28\" data-element_type=\"column\">\n\t\t\t<div class=\"elementor-widget-wrap\">\n\t\t\t\t\t\t\t\t\t<\/div>\n\t\t<\/div>\n\t\t\t\t<div class=\"elementor-column elementor-col-33 elementor-inner-column elementor-element elementor-element-37e68fe\" data-id=\"37e68fe\" data-element_type=\"column\">\n\t\t\t<div class=\"elementor-widget-wrap elementor-element-populated\">\n\t\t\t\t\t\t\t\t<div class=\"elementor-element elementor-element-a07a0fe elementor-widget elementor-widget-counter\" data-id=\"a07a0fe\" data-element_type=\"widget\" data-widget_type=\"counter.default\">\n\t\t\t\t<div class=\"elementor-widget-container\">\n\t\t\t<style>\/*! elementor - v3.7.7 - 20-09-2022 *\/\n.elementor-counter .elementor-counter-number-wrapper{display:-webkit-box;display:-ms-flexbox;display:flex;font-size:69px;font-weight:600;line-height:1}.elementor-counter .elementor-counter-number-prefix,.elementor-counter .elementor-counter-number-suffix{-webkit-box-flex:1;-ms-flex-positive:1;flex-grow:1;white-space:pre-wrap}.elementor-counter .elementor-counter-number-prefix{text-align:right}.elementor-counter .elementor-counter-number-suffix{text-align:left}.elementor-counter .elementor-counter-title{text-align:center;font-size:19px;font-weight:400;line-height:2.5}<\/style>\t\t<div class=\"elementor-counter\">\n\t\t\t<div class=\"elementor-counter-number-wrapper\">\n\t\t\t\t<span class=\"elementor-counter-number-prefix\">+<\/span>\n\t\t\t\t<span class=\"elementor-counter-number\" data-duration=\"2000\" data-to-value=\"300\" data-from-value=\"0\" data-delimiter=\",\">0<\/span>\n\t\t\t\t<span class=\"elementor-counter-number-suffix\"><\/span>\n\t\t\t<\/div>\n\t\t\t\t\t\t\t<div class=\"elementor-counter-title\">Graduados del Programa de Escuela Culinaria<\/div>\n\t\t\t\t\t<\/div>\n\t\t\t\t<\/div>\n\t\t\t\t<\/div>\n\t\t\t\t\t<\/div>\n\t\t<\/div>\n\t\t\t\t<div class=\"elementor-column elementor-col-33 elementor-inner-column elementor-element elementor-element-b2bd1e4\" data-id=\"b2bd1e4\" data-element_type=\"column\">\n\t\t\t<div class=\"elementor-widget-wrap\">\n\t\t\t\t\t\t\t\t\t<\/div>\n\t\t<\/div>\n\t\t\t\t\t\t\t<\/div>\n\t\t<\/section>\n\t\t\t\t\t<\/div>\n\t\t<\/div>\n\t\t\t\t\t\t\t<\/div>\n\t\t<\/section>\n\t\t\t\t<section class=\"elementor-section elementor-top-section elementor-element elementor-element-01b07cd elementor-section-boxed elementor-section-height-default elementor-section-height-default\" data-id=\"01b07cd\" data-element_type=\"section\">\n\t\t\t\t\t\t<div class=\"elementor-container elementor-column-gap-default\">\n\t\t\t\t\t<div class=\"elementor-column elementor-col-100 elementor-top-column elementor-element elementor-element-c174409\" data-id=\"c174409\" data-element_type=\"column\">\n\t\t\t<div class=\"elementor-widget-wrap elementor-element-populated\">\n\t\t\t\t\t\t\t\t<div class=\"elementor-element elementor-element-6d98d30 elementor-arrows-position-inside elementor-pagination-position-outside elementor-widget elementor-widget-image-carousel\" data-id=\"6d98d30\" data-element_type=\"widget\" data-settings=\"{&quot;slides_to_show&quot;:&quot;3&quot;,&quot;slides_to_scroll&quot;:&quot;1&quot;,&quot;lazyload&quot;:&quot;yes&quot;,&quot;navigation&quot;:&quot;both&quot;,&quot;autoplay&quot;:&quot;yes&quot;,&quot;pause_on_hover&quot;:&quot;yes&quot;,&quot;pause_on_interaction&quot;:&quot;yes&quot;,&quot;autoplay_speed&quot;:5000,&quot;infinite&quot;:&quot;yes&quot;,&quot;speed&quot;:500}\" data-widget_type=\"image-carousel.default\">\n\t\t\t\t<div class=\"elementor-widget-container\">\n\t\t\t<style>\/*! elementor - v3.7.7 - 20-09-2022 *\/\n.elementor-widget-image-carousel .swiper-container{position:static}.elementor-widget-image-carousel .swiper-container .swiper-slide figure{line-height:inherit}.elementor-widget-image-carousel .swiper-slide{text-align:center}.elementor-image-carousel-wrapper:not(.swiper-container-initialized) .swiper-slide{max-width:calc(100% \/ var(--e-image-carousel-slides-to-show, 3))}<\/style>\t\t<div class=\"elementor-image-carousel-wrapper swiper-container\" dir=\"ltr\">\n\t\t\t<div class=\"elementor-image-carousel swiper-wrapper\">\n\t\t\t\t\t\t\t\t<div class=\"swiper-slide\"><figure class=\"swiper-slide-inner\"><img class=\"swiper-slide-image swiper-lazy\" data-src=\"https:\/\/genteayudandogentesv.org\/wp-content\/uploads\/2025\/12\/pizza-gente-ayudando-gente-1-370x440.webp\" alt=\"pizza-gente-ayudando-gente-1\" \/><div class=\"swiper-lazy-preloader\"><\/div><\/figure><\/div><div class=\"swiper-slide\"><figure class=\"swiper-slide-inner\"><img class=\"swiper-slide-image swiper-lazy\" data-src=\"https:\/\/genteayudandogentesv.org\/wp-content\/uploads\/2025\/12\/pizza-gente-ayudando-gente-7-370x440.webp\" alt=\"pizza-gente-ayudando-gente-7\" \/><div class=\"swiper-lazy-preloader\"><\/div><\/figure><\/div><div class=\"swiper-slide\"><figure class=\"swiper-slide-inner\"><img class=\"swiper-slide-image swiper-lazy\" data-src=\"https:\/\/genteayudandogentesv.org\/wp-content\/uploads\/2025\/12\/pizza-gente-ayudando-gente-6-370x440.webp\" alt=\"pizza-gente-ayudando-gente-6\" \/><div class=\"swiper-lazy-preloader\"><\/div><\/figure><\/div><div class=\"swiper-slide\"><figure class=\"swiper-slide-inner\"><img class=\"swiper-slide-image swiper-lazy\" data-src=\"https:\/\/genteayudandogentesv.org\/wp-content\/uploads\/2025\/12\/pizza-gente-ayudando-gente-5-370x440.webp\" alt=\"pizza-gente-ayudando-gente-5\" \/><div class=\"swiper-lazy-preloader\"><\/div><\/figure><\/div><div class=\"swiper-slide\"><figure class=\"swiper-slide-inner\"><img class=\"swiper-slide-image swiper-lazy\" data-src=\"https:\/\/genteayudandogentesv.org\/wp-content\/uploads\/2025\/12\/pizza-gente-ayudando-gente-4-370x440.webp\" alt=\"pizza-gente-ayudando-gente-4\" \/><div class=\"swiper-lazy-preloader\"><\/div><\/figure><\/div><div class=\"swiper-slide\"><figure class=\"swiper-slide-inner\"><img class=\"swiper-slide-image swiper-lazy\" data-src=\"https:\/\/genteayudandogentesv.org\/wp-content\/uploads\/2025\/12\/pizza-gente-ayudando-gente-3-370x440.webp\" alt=\"pizza-gente-ayudando-gente-3\" \/><div class=\"swiper-lazy-preloader\"><\/div><\/figure><\/div><div class=\"swiper-slide\"><figure class=\"swiper-slide-inner\"><img class=\"swiper-slide-image swiper-lazy\" data-src=\"https:\/\/genteayudandogentesv.org\/wp-content\/uploads\/2025\/12\/pizza-gente-ayudando-gente-2-370x440.webp\" alt=\"pizza-gente-ayudando-gente-2\" \/><div class=\"swiper-lazy-preloader\"><\/div><\/figure><\/div>\t\t\t<\/div>\n\t\t\t\t\t\t\t\t\t\t\t\t<div class=\"swiper-pagination\"><\/div>\n\t\t\t\t\t\t\t\t\t\t\t\t\t<div class=\"elementor-swiper-button elementor-swiper-button-prev\">\n\t\t\t\t\t\t<i aria-hidden=\"true\" class=\"eicon-chevron-left\"><\/i>\t\t\t\t\t\t<span class=\"elementor-screen-only\">Previous<\/span>\n\t\t\t\t\t<\/div>\n\t\t\t\t\t<div class=\"elementor-swiper-button elementor-swiper-button-next\">\n\t\t\t\t\t\t<i aria-hidden=\"true\" class=\"eicon-chevron-right\"><\/i>\t\t\t\t\t\t<span class=\"elementor-screen-only\">Next<\/span>\n\t\t\t\t\t<\/div>\n\t\t\t\t\t\t\t\t\t<\/div>\n\t\t\t\t<\/div>\n\t\t\t\t<\/div>\n\t\t\t\t\t<\/div>\n\t\t<\/div>\n\t\t\t\t\t\t\t<\/div>\n\t\t<\/section>\n\t\t\t\t\t\t\t<\/div>\n\t\t","protected":false},"excerpt":{"rendered":"<p>Entre aromas y sabores, tambi\u00e9n se cocina el futuro Programa Escuela Culinaria Nuestro programa de Escuela Culinaria brinda oportunidades reales de superaci\u00f3n a personas que sue\u00f1an con una vida m\u00e1s [&hellip;]<\/p>\n","protected":false},"author":1,"featured_media":0,"parent":0,"menu_order":0,"comment_status":"closed","ping_status":"closed","template":"","meta":[],"_links":{"self":[{"href":"https:\/\/genteayudandogentesv.org\/en\/wp-json\/wp\/v2\/pages\/2231"}],"collection":[{"href":"https:\/\/genteayudandogentesv.org\/en\/wp-json\/wp\/v2\/pages"}],"about":[{"href":"https:\/\/genteayudandogentesv.org\/en\/wp-json\/wp\/v2\/types\/page"}],"author":[{"embeddable":true,"href":"https:\/\/genteayudandogentesv.org\/en\/wp-json\/wp\/v2\/users\/1"}],"replies":[{"embeddable":true,"href":"https:\/\/genteayudandogentesv.org\/en\/wp-json\/wp\/v2\/comments?post=2231"}],"version-history":[{"count":37,"href":"https:\/\/genteayudandogentesv.org\/en\/wp-json\/wp\/v2\/pages\/2231\/revisions"}],"predecessor-version":[{"id":3364,"href":"https:\/\/genteayudandogentesv.org\/en\/wp-json\/wp\/v2\/pages\/2231\/revisions\/3364"}],"wp:attachment":[{"href":"https:\/\/genteayudandogentesv.org\/en\/wp-json\/wp\/v2\/media?parent=2231"}],"curies":[{"name":"wp","href":"https:\/\/api.w.org\/{rel}","templated":true}]}}