{"id":2285,"date":"2023-12-02T22:58:51","date_gmt":"2023-12-02T22:58:51","guid":{"rendered":"https:\/\/genteayudandogentesv.org\/?page_id=2285"},"modified":"2026-02-24T19:51:32","modified_gmt":"2026-02-24T19:51:32","slug":"nutricion","status":"publish","type":"page","link":"https:\/\/genteayudandogentesv.org\/en\/nutricion\/","title":{"rendered":"Nutrition"},"content":{"rendered":"\t\t<div data-elementor-type=\"wp-page\" data-elementor-id=\"2285\" class=\"elementor elementor-2285\">\n\t\t\t\t\t\t\t\t\t<section class=\"elementor-section elementor-top-section elementor-element elementor-element-1b6d440 elementor-section-full_width elementor-section-height-default elementor-section-height-default\" data-id=\"1b6d440\" data-element_type=\"section\">\n\t\t\t\t\t\t<div class=\"elementor-container elementor-column-gap-default\">\n\t\t\t\t\t<div class=\"elementor-column elementor-col-100 elementor-top-column elementor-element elementor-element-e9aee27\" data-id=\"e9aee27\" data-element_type=\"column\">\n\t\t\t<div class=\"elementor-widget-wrap elementor-element-populated\">\n\t\t\t\t\t\t\t\t<div class=\"elementor-element elementor-element-d3f7c64 elementor-widget elementor-widget-purehearts_about_us_v2\" data-id=\"d3f7c64\" data-element_type=\"widget\" data-widget_type=\"purehearts_about_us_v2.default\">\n\t\t\t\t<div class=\"elementor-widget-container\">\n\t\t\t        \n        <!-- about-style-two -->\n        <section class=\"about-style-two sec-pad\">\n            <div class=\"auto-container\">\n                <div class=\"row clearfix\">\n                    <div class=\"col-lg-8 col-md-12 col-sm-12 content-column\">\n                        <div class=\"content_block_4\">\n                            <div class=\"content-box\">\n                                                                                                <div class=\"chart-box\">\n                                                                                                                                                <ul class=\"clearfix\">\n                                                                                <li><b>Porque una buena alimentaci\u00f3n cambia vidas.<\/b><\/li>\n                                                                            <\/ul>\n                                                                    <\/div>\n                                <figure class=\"image-box\"><img src=\"https:\/\/genteayudandogentesv.org\/wp-content\/uploads\/2025\/12\/programa-nutricion-gente-ayudando-gente.webp\" alt=\"Awesome Image\"><\/figure>                            <\/div>\n                        <\/div>\n                    <\/div>\n                    <div class=\"col-lg-4 col-md-12 col-sm-12 content-column\">\n                        <div class=\"content_block_5\">\n                            <div class=\"content-box\">\n                                                                <div class=\"sec-title style-two\">\n                                    <span class=\"top-text\">Programa <\/span>                                    <h2>Nutrici\u00f3n<\/h2>                                <\/div>\n                                                                                                <div class=\"text\">\n                                    A trav\u00e9s de este programa buscamos contribuir a la seguridad alimentaria de familias y comunidades en situaci\u00f3n de vulnerabilidad. \n\n<br><br> Con la entrega de alimentos b\u00e1sicos como arroz fortificado, soya, frijoles, pasta, cereal y productos enlatados, apoyamos su bienestar diario.                                <\/div>\n                                                                \n                                <div class=\"inner-box\">\n                                                                        <div class=\"single-item\">\n                                        <div class=\"icon-box\"><i class=\"fa fa-check\"><\/i><\/div>\n                                        <h3><\/h3>\n                                        <p>Adem\u00e1s, gracias a nuestras alianzas, hemos podido compartir tambi\u00e9n alimentos preparados como pizza en familias, hogares, comedores, iglesias y comunidades, llevando no solo\nalimento, sino tambi\u00e9n un momento de alegr\u00eda.<\/p>\n                                    <\/div>\n                                                                    <\/div>\n                                                                <div class=\"btn-box\">\n                                    <a href=\"\/donar\/\" class=\"theme-btn btn-one\">Donar al programa<\/a>\n                                <\/div>\n                                                                \n                            <\/div>\n                        <\/div>\n                    <\/div>\n                <\/div>\n            <\/div>\n        <\/section>\n        <!-- about-style-two end -->\n                \n\t\t\t\t<\/div>\n\t\t\t\t<\/div>\n\t\t\t\t\t<\/div>\n\t\t<\/div>\n\t\t\t\t\t\t\t<\/div>\n\t\t<\/section>\n\t\t\t\t<section class=\"elementor-section elementor-top-section elementor-element elementor-element-f7fac0e elementor-section-boxed elementor-section-height-default elementor-section-height-default\" data-id=\"f7fac0e\" data-element_type=\"section\">\n\t\t\t\t\t\t<div class=\"elementor-container elementor-column-gap-default\">\n\t\t\t\t\t<div class=\"elementor-column elementor-col-100 elementor-top-column elementor-element elementor-element-6d81a00\" data-id=\"6d81a00\" data-element_type=\"column\">\n\t\t\t<div class=\"elementor-widget-wrap elementor-element-populated\">\n\t\t\t\t\t\t\t\t<div class=\"elementor-element elementor-element-42a4ddb elementor-widget elementor-widget-heading\" data-id=\"42a4ddb\" data-element_type=\"widget\" data-widget_type=\"heading.default\">\n\t\t\t\t<div class=\"elementor-widget-container\">\n\t\t\t<style>\/*! elementor - v3.7.7 - 20-09-2022 *\/\n.elementor-heading-title{padding:0;margin:0;line-height:1}.elementor-widget-heading .elementor-heading-title[class*=elementor-size-]>a{color:inherit;font-size:inherit;line-height:inherit}.elementor-widget-heading .elementor-heading-title.elementor-size-small{font-size:15px}.elementor-widget-heading .elementor-heading-title.elementor-size-medium{font-size:19px}.elementor-widget-heading .elementor-heading-title.elementor-size-large{font-size:29px}.elementor-widget-heading .elementor-heading-title.elementor-size-xl{font-size:39px}.elementor-widget-heading .elementor-heading-title.elementor-size-xxl{font-size:59px}<\/style><h2 class=\"elementor-heading-title elementor-size-default\">Nuestro Impacto en las Comunidades<\/h2>\t\t<\/div>\n\t\t\t\t<\/div>\n\t\t\t\t<section class=\"elementor-section elementor-inner-section elementor-element elementor-element-500a5ef elementor-section-boxed elementor-section-height-default elementor-section-height-default\" data-id=\"500a5ef\" data-element_type=\"section\">\n\t\t\t\t\t\t<div class=\"elementor-container elementor-column-gap-default\">\n\t\t\t\t\t<div class=\"elementor-column elementor-col-33 elementor-inner-column elementor-element elementor-element-34c1c64\" data-id=\"34c1c64\" data-element_type=\"column\">\n\t\t\t<div class=\"elementor-widget-wrap elementor-element-populated\">\n\t\t\t\t\t\t\t\t<div class=\"elementor-element elementor-element-9e4dd5b elementor-widget elementor-widget-counter\" data-id=\"9e4dd5b\" data-element_type=\"widget\" data-widget_type=\"counter.default\">\n\t\t\t\t<div class=\"elementor-widget-container\">\n\t\t\t<style>\/*! elementor - v3.7.7 - 20-09-2022 *\/\n.elementor-counter .elementor-counter-number-wrapper{display:-webkit-box;display:-ms-flexbox;display:flex;font-size:69px;font-weight:600;line-height:1}.elementor-counter .elementor-counter-number-prefix,.elementor-counter .elementor-counter-number-suffix{-webkit-box-flex:1;-ms-flex-positive:1;flex-grow:1;white-space:pre-wrap}.elementor-counter .elementor-counter-number-prefix{text-align:right}.elementor-counter .elementor-counter-number-suffix{text-align:left}.elementor-counter .elementor-counter-title{text-align:center;font-size:19px;font-weight:400;line-height:2.5}<\/style>\t\t<div class=\"elementor-counter\">\n\t\t\t<div class=\"elementor-counter-number-wrapper\">\n\t\t\t\t<span class=\"elementor-counter-number-prefix\">+<\/span>\n\t\t\t\t<span class=\"elementor-counter-number\" data-duration=\"2000\" data-to-value=\"660000\" data-from-value=\"0\" data-delimiter=\",\">0<\/span>\n\t\t\t\t<span class=\"elementor-counter-number-suffix\"><\/span>\n\t\t\t<\/div>\n\t\t\t\t\t\t\t<div class=\"elementor-counter-title\">Libras de comida donadas<\/div>\n\t\t\t\t\t<\/div>\n\t\t\t\t<\/div>\n\t\t\t\t<\/div>\n\t\t\t\t\t<\/div>\n\t\t<\/div>\n\t\t\t\t<div class=\"elementor-column elementor-col-33 elementor-inner-column elementor-element elementor-element-7968c45\" data-id=\"7968c45\" data-element_type=\"column\">\n\t\t\t<div class=\"elementor-widget-wrap elementor-element-populated\">\n\t\t\t\t\t\t\t\t<div class=\"elementor-element elementor-element-6c8262e elementor-widget elementor-widget-counter\" data-id=\"6c8262e\" data-element_type=\"widget\" data-widget_type=\"counter.default\">\n\t\t\t\t<div class=\"elementor-widget-container\">\n\t\t\t\t\t<div class=\"elementor-counter\">\n\t\t\t<div class=\"elementor-counter-number-wrapper\">\n\t\t\t\t<span class=\"elementor-counter-number-prefix\">+<\/span>\n\t\t\t\t<span class=\"elementor-counter-number\" data-duration=\"2000\" data-to-value=\"900000\" data-from-value=\"0\" data-delimiter=\",\">0<\/span>\n\t\t\t\t<span class=\"elementor-counter-number-suffix\"><\/span>\n\t\t\t<\/div>\n\t\t\t\t\t\t\t<div class=\"elementor-counter-title\">Alimentos donados<\/div>\n\t\t\t\t\t<\/div>\n\t\t\t\t<\/div>\n\t\t\t\t<\/div>\n\t\t\t\t\t<\/div>\n\t\t<\/div>\n\t\t\t\t<div class=\"elementor-column elementor-col-33 elementor-inner-column elementor-element elementor-element-f06835c\" data-id=\"f06835c\" data-element_type=\"column\">\n\t\t\t<div class=\"elementor-widget-wrap elementor-element-populated\">\n\t\t\t\t\t\t\t\t<div class=\"elementor-element elementor-element-2c57f61 elementor-widget elementor-widget-counter\" data-id=\"2c57f61\" data-element_type=\"widget\" data-widget_type=\"counter.default\">\n\t\t\t\t<div class=\"elementor-widget-container\">\n\t\t\t\t\t<div class=\"elementor-counter\">\n\t\t\t<div class=\"elementor-counter-number-wrapper\">\n\t\t\t\t<span class=\"elementor-counter-number-prefix\">+<\/span>\n\t\t\t\t<span class=\"elementor-counter-number\" data-duration=\"2000\" data-to-value=\"50000\" data-from-value=\"0\" data-delimiter=\",\">0<\/span>\n\t\t\t\t<span class=\"elementor-counter-number-suffix\"><\/span>\n\t\t\t<\/div>\n\t\t\t\t\t\t\t<div class=\"elementor-counter-title\">Porciones de pizza a familias, hogares, comedores, iglesias y comunidades<\/div>\n\t\t\t\t\t<\/div>\n\t\t\t\t<\/div>\n\t\t\t\t<\/div>\n\t\t\t\t\t<\/div>\n\t\t<\/div>\n\t\t\t\t\t\t\t<\/div>\n\t\t<\/section>\n\t\t\t\t\t<\/div>\n\t\t<\/div>\n\t\t\t\t\t\t\t<\/div>\n\t\t<\/section>\n\t\t\t\t\t\t\t<\/div>\n\t\t","protected":false},"excerpt":{"rendered":"<p>Porque una buena alimentaci\u00f3n cambia vidas. Programa Nutrici\u00f3n A trav\u00e9s de este programa buscamos contribuir a la seguridad alimentaria de familias y comunidades en situaci\u00f3n de vulnerabilidad. Con la entrega [&hellip;]<\/p>\n","protected":false},"author":1,"featured_media":0,"parent":0,"menu_order":0,"comment_status":"closed","ping_status":"closed","template":"","meta":[],"_links":{"self":[{"href":"https:\/\/genteayudandogentesv.org\/en\/wp-json\/wp\/v2\/pages\/2285"}],"collection":[{"href":"https:\/\/genteayudandogentesv.org\/en\/wp-json\/wp\/v2\/pages"}],"about":[{"href":"https:\/\/genteayudandogentesv.org\/en\/wp-json\/wp\/v2\/types\/page"}],"author":[{"embeddable":true,"href":"https:\/\/genteayudandogentesv.org\/en\/wp-json\/wp\/v2\/users\/1"}],"replies":[{"embeddable":true,"href":"https:\/\/genteayudandogentesv.org\/en\/wp-json\/wp\/v2\/comments?post=2285"}],"version-history":[{"count":40,"href":"https:\/\/genteayudandogentesv.org\/en\/wp-json\/wp\/v2\/pages\/2285\/revisions"}],"predecessor-version":[{"id":3402,"href":"https:\/\/genteayudandogentesv.org\/en\/wp-json\/wp\/v2\/pages\/2285\/revisions\/3402"}],"wp:attachment":[{"href":"https:\/\/genteayudandogentesv.org\/en\/wp-json\/wp\/v2\/media?parent=2285"}],"curies":[{"name":"wp","href":"https:\/\/api.w.org\/{rel}","templated":true}]}}