{"id":3025,"date":"2026-01-21T17:34:40","date_gmt":"2026-01-21T17:34:40","guid":{"rendered":"https:\/\/genteayudandogentesv.org\/?page_id=3025"},"modified":"2026-02-24T05:10:18","modified_gmt":"2026-02-24T05:10:18","slug":"clinica-dental","status":"publish","type":"page","link":"https:\/\/genteayudandogentesv.org\/en\/clinica-dental\/","title":{"rendered":"Dental Clinic"},"content":{"rendered":"\t\t<div data-elementor-type=\"wp-page\" data-elementor-id=\"3025\" class=\"elementor elementor-3025\">\n\t\t\t\t\t\t\t\t\t<section class=\"elementor-section elementor-top-section elementor-element elementor-element-f696df6 elementor-section-full_width elementor-section-height-default elementor-section-height-default\" data-id=\"f696df6\" data-element_type=\"section\">\n\t\t\t\t\t\t<div class=\"elementor-container elementor-column-gap-default\">\n\t\t\t\t\t<div class=\"elementor-column elementor-col-100 elementor-top-column elementor-element elementor-element-06f574c\" data-id=\"06f574c\" data-element_type=\"column\">\n\t\t\t<div class=\"elementor-widget-wrap elementor-element-populated\">\n\t\t\t\t\t\t\t\t<div class=\"elementor-element elementor-element-fd09d41 elementor-widget elementor-widget-purehearts_about_us_v2\" data-id=\"fd09d41\" data-element_type=\"widget\" data-widget_type=\"purehearts_about_us_v2.default\">\n\t\t\t\t<div class=\"elementor-widget-container\">\n\t\t\t        \n        <!-- about-style-two -->\n        <section class=\"about-style-two sec-pad\">\n            <div class=\"auto-container\">\n                <div class=\"row clearfix\">\n                    <div class=\"col-lg-8 col-md-12 col-sm-12 content-column\">\n                        <div class=\"content_block_4\">\n                            <div class=\"content-box\">\n                                                                                                <div class=\"chart-box\">\n                                                                                                                                                <ul class=\"clearfix\">\n                                                                                <li><b>Detr\u00e1s de cada sonrisa hay una historia que merece cuidado y dignidad.<\/b><\/li>\n                                                                            <\/ul>\n                                                                    <\/div>\n                                <figure class=\"image-box\"><img src=\"https:\/\/genteayudandogentesv.org\/wp-content\/uploads\/2026\/01\/Clinica_Dental-Gente-Ayudando-Gente_1.webp\" alt=\"Awesome Image\"><\/figure>                            <\/div>\n                        <\/div>\n                    <\/div>\n                    <div class=\"col-lg-4 col-md-12 col-sm-12 content-column\">\n                        <div class=\"content_block_5\">\n                            <div class=\"content-box\">\n                                                                <div class=\"sec-title style-two\">\n                                    <span class=\"top-text\">Programa <\/span>                                    <h2>Cl\u00ednica Dental<\/h2>                                <\/div>\n                                                                                                <div class=\"text\">\n                                    Nuestro programa de odontolog\u00eda nace al reconocer una realidad dolorosa: en gran\nparte del pa\u00eds, la falta de informaci\u00f3n y de h\u00e1bitos adecuados de higiene bucal\nprovoca enfermedades que pueden ser evitadas.                                 <\/div>\n                                                                \n                                <div class=\"inner-box\">\n                                                                        <div class=\"single-item\">\n                                        <div class=\"icon-box\"><i class=\"fa fa-bullseye\"><\/i><\/div>\n                                        <h3><\/h3>\n                                        <p>Movidos por esta necesidad,\nemprendimos un recorrido por \u00e1reas rurales, cantones y pueblos, llevando no s\u00f3lo atenci\u00f3n dental, sino tambi\u00e9n esperanza, educaci\u00f3n y herramientas para que cada persona descubra el poder transformador de una sonrisa sana.<\/p>\n                                    <\/div>\n                                                                    <\/div>\n                                                                <div class=\"btn-box\">\n                                    <a href=\"\/donar\/\" class=\"theme-btn btn-one\">Donar al programa<\/a>\n                                <\/div>\n                                                                \n                            <\/div>\n                        <\/div>\n                    <\/div>\n                <\/div>\n            <\/div>\n        <\/section>\n        <!-- about-style-two end -->\n                \n\t\t\t\t<\/div>\n\t\t\t\t<\/div>\n\t\t\t\t\t<\/div>\n\t\t<\/div>\n\t\t\t\t\t\t\t<\/div>\n\t\t<\/section>\n\t\t\t\t<section class=\"elementor-section elementor-top-section elementor-element elementor-element-590323e elementor-section-boxed elementor-section-height-default elementor-section-height-default\" data-id=\"590323e\" data-element_type=\"section\">\n\t\t\t\t\t\t<div class=\"elementor-container elementor-column-gap-default\">\n\t\t\t\t\t<div class=\"elementor-column elementor-col-100 elementor-top-column elementor-element elementor-element-ff271fe\" data-id=\"ff271fe\" data-element_type=\"column\">\n\t\t\t<div class=\"elementor-widget-wrap elementor-element-populated\">\n\t\t\t\t\t\t\t\t<div class=\"elementor-element elementor-element-fd22c6b elementor-widget elementor-widget-heading\" data-id=\"fd22c6b\" data-element_type=\"widget\" data-widget_type=\"heading.default\">\n\t\t\t\t<div class=\"elementor-widget-container\">\n\t\t\t<style>\/*! elementor - v3.7.7 - 20-09-2022 *\/\n.elementor-heading-title{padding:0;margin:0;line-height:1}.elementor-widget-heading .elementor-heading-title[class*=elementor-size-]>a{color:inherit;font-size:inherit;line-height:inherit}.elementor-widget-heading .elementor-heading-title.elementor-size-small{font-size:15px}.elementor-widget-heading .elementor-heading-title.elementor-size-medium{font-size:19px}.elementor-widget-heading .elementor-heading-title.elementor-size-large{font-size:29px}.elementor-widget-heading .elementor-heading-title.elementor-size-xl{font-size:39px}.elementor-widget-heading .elementor-heading-title.elementor-size-xxl{font-size:59px}<\/style><h2 class=\"elementor-heading-title elementor-size-default\">Nuestro impacto<\/h2>\t\t<\/div>\n\t\t\t\t<\/div>\n\t\t\t\t<section class=\"elementor-section elementor-inner-section elementor-element elementor-element-5472a42 elementor-section-boxed elementor-section-height-default elementor-section-height-default\" data-id=\"5472a42\" data-element_type=\"section\">\n\t\t\t\t\t\t<div class=\"elementor-container elementor-column-gap-default\">\n\t\t\t\t\t<div class=\"elementor-column elementor-col-50 elementor-inner-column elementor-element elementor-element-a77525f\" data-id=\"a77525f\" data-element_type=\"column\">\n\t\t\t<div class=\"elementor-widget-wrap elementor-element-populated\">\n\t\t\t\t\t\t\t\t<div class=\"elementor-element elementor-element-7376cb0 elementor-widget elementor-widget-counter\" data-id=\"7376cb0\" data-element_type=\"widget\" data-widget_type=\"counter.default\">\n\t\t\t\t<div class=\"elementor-widget-container\">\n\t\t\t<style>\/*! elementor - v3.7.7 - 20-09-2022 *\/\n.elementor-counter .elementor-counter-number-wrapper{display:-webkit-box;display:-ms-flexbox;display:flex;font-size:69px;font-weight:600;line-height:1}.elementor-counter .elementor-counter-number-prefix,.elementor-counter .elementor-counter-number-suffix{-webkit-box-flex:1;-ms-flex-positive:1;flex-grow:1;white-space:pre-wrap}.elementor-counter .elementor-counter-number-prefix{text-align:right}.elementor-counter .elementor-counter-number-suffix{text-align:left}.elementor-counter .elementor-counter-title{text-align:center;font-size:19px;font-weight:400;line-height:2.5}<\/style>\t\t<div class=\"elementor-counter\">\n\t\t\t<div class=\"elementor-counter-number-wrapper\">\n\t\t\t\t<span class=\"elementor-counter-number-prefix\">+<\/span>\n\t\t\t\t<span class=\"elementor-counter-number\" data-duration=\"2000\" data-to-value=\"8000\" data-from-value=\"0\" data-delimiter=\",\">0<\/span>\n\t\t\t\t<span class=\"elementor-counter-number-suffix\"><\/span>\n\t\t\t<\/div>\n\t\t\t\t\t\t\t<div class=\"elementor-counter-title\">Pacientes atendidos<\/div>\n\t\t\t\t\t<\/div>\n\t\t\t\t<\/div>\n\t\t\t\t<\/div>\n\t\t\t\t\t<\/div>\n\t\t<\/div>\n\t\t\t\t<div class=\"elementor-column elementor-col-50 elementor-inner-column elementor-element elementor-element-427f28a\" data-id=\"427f28a\" data-element_type=\"column\">\n\t\t\t<div class=\"elementor-widget-wrap elementor-element-populated\">\n\t\t\t\t\t\t\t\t<div class=\"elementor-element elementor-element-db82852 elementor-widget elementor-widget-counter\" data-id=\"db82852\" data-element_type=\"widget\" data-widget_type=\"counter.default\">\n\t\t\t\t<div class=\"elementor-widget-container\">\n\t\t\t\t\t<div class=\"elementor-counter\">\n\t\t\t<div class=\"elementor-counter-number-wrapper\">\n\t\t\t\t<span class=\"elementor-counter-number-prefix\">+<\/span>\n\t\t\t\t<span class=\"elementor-counter-number\" data-duration=\"2000\" data-to-value=\"3000\" data-from-value=\"0\" data-delimiter=\",\">0<\/span>\n\t\t\t\t<span class=\"elementor-counter-number-suffix\"><\/span>\n\t\t\t<\/div>\n\t\t\t\t\t\t\t<div class=\"elementor-counter-title\">Ni\u00f1os y adultos beneficiados con tratamiento dentales de forma gratuita<\/div>\n\t\t\t\t\t<\/div>\n\t\t\t\t<\/div>\n\t\t\t\t<\/div>\n\t\t\t\t\t<\/div>\n\t\t<\/div>\n\t\t\t\t\t\t\t<\/div>\n\t\t<\/section>\n\t\t\t\t\t<\/div>\n\t\t<\/div>\n\t\t\t\t\t\t\t<\/div>\n\t\t<\/section>\n\t\t\t\t<section class=\"elementor-section elementor-top-section elementor-element elementor-element-cfa733c elementor-section-boxed elementor-section-height-default elementor-section-height-default\" data-id=\"cfa733c\" data-element_type=\"section\">\n\t\t\t\t\t\t<div class=\"elementor-container elementor-column-gap-default\">\n\t\t\t\t\t<div class=\"elementor-column elementor-col-100 elementor-top-column elementor-element elementor-element-4c28f32\" data-id=\"4c28f32\" data-element_type=\"column\">\n\t\t\t<div class=\"elementor-widget-wrap elementor-element-populated\">\n\t\t\t\t\t\t\t\t<div class=\"elementor-element elementor-element-da52d0b elementor-arrows-position-inside elementor-pagination-position-outside elementor-widget elementor-widget-image-carousel\" data-id=\"da52d0b\" data-element_type=\"widget\" data-settings=\"{&quot;slides_to_show&quot;:&quot;2&quot;,&quot;slides_to_scroll&quot;:&quot;1&quot;,&quot;lazyload&quot;:&quot;yes&quot;,&quot;navigation&quot;:&quot;both&quot;,&quot;autoplay&quot;:&quot;yes&quot;,&quot;pause_on_hover&quot;:&quot;yes&quot;,&quot;pause_on_interaction&quot;:&quot;yes&quot;,&quot;autoplay_speed&quot;:5000,&quot;infinite&quot;:&quot;yes&quot;,&quot;speed&quot;:500}\" data-widget_type=\"image-carousel.default\">\n\t\t\t\t<div class=\"elementor-widget-container\">\n\t\t\t<style>\/*! elementor - v3.7.7 - 20-09-2022 *\/\n.elementor-widget-image-carousel .swiper-container{position:static}.elementor-widget-image-carousel .swiper-container .swiper-slide figure{line-height:inherit}.elementor-widget-image-carousel .swiper-slide{text-align:center}.elementor-image-carousel-wrapper:not(.swiper-container-initialized) .swiper-slide{max-width:calc(100% \/ var(--e-image-carousel-slides-to-show, 3))}<\/style>\t\t<div class=\"elementor-image-carousel-wrapper swiper-container\" dir=\"ltr\">\n\t\t\t<div class=\"elementor-image-carousel swiper-wrapper\">\n\t\t\t\t\t\t\t\t<div class=\"swiper-slide\"><figure class=\"swiper-slide-inner\"><img class=\"swiper-slide-image swiper-lazy\" data-src=\"https:\/\/genteayudandogentesv.org\/wp-content\/uploads\/2026\/01\/Clinica_Dental-Gente-Ayudando-Gente_3-370x440.webp\" alt=\"Clinica_Dental-Gente Ayudando Gente_3\" \/><div class=\"swiper-lazy-preloader\"><\/div><\/figure><\/div><div class=\"swiper-slide\"><figure class=\"swiper-slide-inner\"><img class=\"swiper-slide-image swiper-lazy\" data-src=\"https:\/\/genteayudandogentesv.org\/wp-content\/uploads\/2026\/01\/Clinica_Dental-Gente-Ayudando-Gente_2-370x440.webp\" alt=\"Clinica_Dental-Gente Ayudando Gente_2\" \/><div class=\"swiper-lazy-preloader\"><\/div><\/figure><\/div>\t\t\t<\/div>\n\t\t\t\t\t\t\t\t\t\t\t\t<div class=\"swiper-pagination\"><\/div>\n\t\t\t\t\t\t\t\t\t\t\t\t\t<div class=\"elementor-swiper-button elementor-swiper-button-prev\">\n\t\t\t\t\t\t<i aria-hidden=\"true\" class=\"eicon-chevron-left\"><\/i>\t\t\t\t\t\t<span class=\"elementor-screen-only\">Previous<\/span>\n\t\t\t\t\t<\/div>\n\t\t\t\t\t<div class=\"elementor-swiper-button elementor-swiper-button-next\">\n\t\t\t\t\t\t<i aria-hidden=\"true\" class=\"eicon-chevron-right\"><\/i>\t\t\t\t\t\t<span class=\"elementor-screen-only\">Next<\/span>\n\t\t\t\t\t<\/div>\n\t\t\t\t\t\t\t\t\t<\/div>\n\t\t\t\t<\/div>\n\t\t\t\t<\/div>\n\t\t\t\t\t<\/div>\n\t\t<\/div>\n\t\t\t\t\t\t\t<\/div>\n\t\t<\/section>\n\t\t\t\t\t\t\t<\/div>\n\t\t","protected":false},"excerpt":{"rendered":"<p>Detr\u00e1s de cada sonrisa hay una historia que merece cuidado y dignidad. Programa Cl\u00ednica Dental Nuestro programa de odontolog\u00eda nace al reconocer una realidad dolorosa: en gran parte del pa\u00eds, [&hellip;]<\/p>\n","protected":false},"author":1,"featured_media":0,"parent":0,"menu_order":0,"comment_status":"closed","ping_status":"closed","template":"","meta":[],"_links":{"self":[{"href":"https:\/\/genteayudandogentesv.org\/en\/wp-json\/wp\/v2\/pages\/3025"}],"collection":[{"href":"https:\/\/genteayudandogentesv.org\/en\/wp-json\/wp\/v2\/pages"}],"about":[{"href":"https:\/\/genteayudandogentesv.org\/en\/wp-json\/wp\/v2\/types\/page"}],"author":[{"embeddable":true,"href":"https:\/\/genteayudandogentesv.org\/en\/wp-json\/wp\/v2\/users\/1"}],"replies":[{"embeddable":true,"href":"https:\/\/genteayudandogentesv.org\/en\/wp-json\/wp\/v2\/comments?post=3025"}],"version-history":[{"count":16,"href":"https:\/\/genteayudandogentesv.org\/en\/wp-json\/wp\/v2\/pages\/3025\/revisions"}],"predecessor-version":[{"id":3344,"href":"https:\/\/genteayudandogentesv.org\/en\/wp-json\/wp\/v2\/pages\/3025\/revisions\/3344"}],"wp:attachment":[{"href":"https:\/\/genteayudandogentesv.org\/en\/wp-json\/wp\/v2\/media?parent=3025"}],"curies":[{"name":"wp","href":"https:\/\/api.w.org\/{rel}","templated":true}]}}