{"id":3038,"date":"2026-01-21T17:50:37","date_gmt":"2026-01-21T17:50:37","guid":{"rendered":"https:\/\/genteayudandogentesv.org\/?page_id=3038"},"modified":"2026-01-21T18:52:06","modified_gmt":"2026-01-21T18:52:06","slug":"quiero-donar","status":"publish","type":"page","link":"https:\/\/genteayudandogentesv.org\/en\/quiero-donar\/","title":{"rendered":"I want to donate"},"content":{"rendered":"<div data-elementor-type=\"wp-page\" data-elementor-id=\"3038\" class=\"elementor elementor-3038\">\n\t\t\t\t\t\t\t\t\t<section class=\"elementor-section elementor-top-section elementor-element elementor-element-6f2a61b elementor-section-boxed elementor-section-height-default elementor-section-height-default\" data-id=\"6f2a61b\" data-element_type=\"section\">\n\t\t\t\t\t\t<div class=\"elementor-container elementor-column-gap-default\">\n\t\t\t\t\t<div class=\"elementor-column elementor-col-100 elementor-top-column elementor-element elementor-element-c2a3890\" data-id=\"c2a3890\" data-element_type=\"column\">\n\t\t\t<div class=\"elementor-widget-wrap elementor-element-populated\">\n\t\t\t\t\t\t\t\t<div class=\"elementor-element elementor-element-54bfa2a elementor-widget elementor-widget-purehearts_our_participate\" data-id=\"54bfa2a\" data-element_type=\"widget\" data-widget_type=\"purehearts_our_participate.default\">\n\t\t\t\t<div class=\"elementor-widget-container\">\n\t\t\t        \n        <!-- welcome-section -->\n        <section class=\"welcome-section sec-pad\">\n            <div class=\"auto-container\">\n                                <div class=\"sec-title style-two centred\">\n                                        <h2>I want to donate<\/h2>                    <p>Your donation directly contributes to our programs:<\/p>                <\/div>\n                                <div class=\"row clearfix\">\n                                        <div class=\"col-lg-3 col-md-6 col-sm-12 welcome-block\">\n                        <div class=\"welcome-block-one wow fadeInUp animated\" data-wow-delay=\"00ms\" data-wow-duration=\"1500ms\">\n                            <div class=\"inner-box\">\n                                <figure class=\"image-box\"><img src=\"https:\/\/genteayudandogentesv.org\/wp-content\/uploads\/2026\/01\/Escuela-Culinaria-Gente-Ayudando-Gente-scaled.webp\" alt=\"Awesome Image\"><\/figure>\n                                <div class=\"content-box\">\n                                                                        <div class=\"text\">\n                                        <span>Education and opportunities for young people and women<\/span>\n                                        <h2>Culinary School<\/h2>\n                                    <\/div>\n                                <\/div>\n                                                                <div class=\"btn-box\">\n                                    <a href=\"\/en\/donar\/\" class=\"links\"><i class=\"icon-right-arrow\"><\/i><\/a>\n                                    <a href=\"\/en\/donar\/\" class=\"links-btn\"><i class=\"icon-right-arrow\"><\/i>Give<\/a>\n                                <\/div>\n                                                            <\/div>\n                        <\/div>\n                    <\/div>\n                                        <div class=\"col-lg-3 col-md-6 col-sm-12 welcome-block\">\n                        <div class=\"welcome-block-one wow fadeInUp animated\" data-wow-delay=\"00ms\" data-wow-duration=\"1500ms\">\n                            <div class=\"inner-box\">\n                                <figure class=\"image-box\"><img src=\"https:\/\/genteayudandogentesv.org\/wp-content\/uploads\/2026\/01\/Clinica-dental-Gente-Ayudando-Gente-1-scaled.webp\" alt=\"Awesome Image\"><\/figure>\n                                <div class=\"content-box\">\n                                                                        <div class=\"text\">\n                                        <span>Dental care and treatments<\/span>\n                                        <h2>Dental Clinic<\/h2>\n                                    <\/div>\n                                <\/div>\n                                                                <div class=\"btn-box\">\n                                    <a href=\"\/en\/donar\/\" class=\"links\"><i class=\"icon-right-arrow\"><\/i><\/a>\n                                    <a href=\"\/en\/donar\/\" class=\"links-btn\"><i class=\"icon-right-arrow\"><\/i>Give<\/a>\n                                <\/div>\n                                                            <\/div>\n                        <\/div>\n                    <\/div>\n                                        <div class=\"col-lg-3 col-md-6 col-sm-12 welcome-block\">\n                        <div class=\"welcome-block-one wow fadeInUp animated\" data-wow-delay=\"00ms\" data-wow-duration=\"1500ms\">\n                            <div class=\"inner-box\">\n                                <figure class=\"image-box\"><img src=\"https:\/\/genteayudandogentesv.org\/wp-content\/uploads\/2026\/01\/Deteccion-Temprana-Cancer-de-Seno-Gente-Ayudando-Gente-scaled.webp\" alt=\"Awesome Image\"><\/figure>\n                                <div class=\"content-box\">\n                                                                        <div class=\"text\">\n                                        <span>Check-ups and prevention campaigns<\/span>\n                                        <h2>Early detection of breast cancer<\/h2>\n                                    <\/div>\n                                <\/div>\n                                                                <div class=\"btn-box\">\n                                    <a href=\"\/en\/donar\/\" class=\"links\"><i class=\"icon-right-arrow\"><\/i><\/a>\n                                    <a href=\"\/en\/donar\/\" class=\"links-btn\"><i class=\"icon-right-arrow\"><\/i>Give<\/a>\n                                <\/div>\n                                                            <\/div>\n                        <\/div>\n                    <\/div>\n                                        <div class=\"col-lg-3 col-md-6 col-sm-12 welcome-block\">\n                        <div class=\"welcome-block-one wow fadeInUp animated\" data-wow-delay=\"00ms\" data-wow-duration=\"1500ms\">\n                            <div class=\"inner-box\">\n                                <figure class=\"image-box\"><img src=\"https:\/\/genteayudandogentesv.org\/wp-content\/uploads\/2026\/01\/Vivienda-Sostenible-Gente-Ayudando-Gente-scaled.webp\" alt=\"Awesome Image\"><\/figure>\n                                <div class=\"content-box\">\n                                                                        <div class=\"text\">\n                                        <span>Building decent homes for families<\/span>\n                                        <h2>Dwelling<\/h2>\n                                    <\/div>\n                                <\/div>\n                                                                <div class=\"btn-box\">\n                                    <a href=\"\/en\/donar\/\" class=\"links\"><i class=\"icon-right-arrow\"><\/i><\/a>\n                                    <a href=\"\/en\/donar\/\" class=\"links-btn\"><i class=\"icon-right-arrow\"><\/i>Give<\/a>\n                                <\/div>\n                                                            <\/div>\n                        <\/div>\n                    <\/div>\n                                    <\/div>\n            <\/div>\n        <\/section>\n        <!-- welcome-section end -->\n        \n\t\t\t\t<\/div>\n\t\t\t\t<\/div>\n\t\t\t\t\t<\/div>\n\t\t<\/div>\n\t\t\t\t\t\t\t<\/div>\n\t\t<\/section>\n\t\t\t\t\t\t\t<\/div>","protected":false},"excerpt":{"rendered":"<p>Quiero Donar Tu donaci\u00f3n contribuye directamente a nuestros programas: Educaci\u00f3n y oportunidades para j\u00f3venes y mujeres Escuela Culinaria Donar Atenci\u00f3n y tratamientos odontol\u00f3gicos Cl\u00ednica Dental Donar Chequeos y campa\u00f1as de [&hellip;]<\/p>\n","protected":false},"author":1,"featured_media":0,"parent":0,"menu_order":0,"comment_status":"closed","ping_status":"closed","template":"","meta":[],"_links":{"self":[{"href":"https:\/\/genteayudandogentesv.org\/en\/wp-json\/wp\/v2\/pages\/3038"}],"collection":[{"href":"https:\/\/genteayudandogentesv.org\/en\/wp-json\/wp\/v2\/pages"}],"about":[{"href":"https:\/\/genteayudandogentesv.org\/en\/wp-json\/wp\/v2\/types\/page"}],"author":[{"embeddable":true,"href":"https:\/\/genteayudandogentesv.org\/en\/wp-json\/wp\/v2\/users\/1"}],"replies":[{"embeddable":true,"href":"https:\/\/genteayudandogentesv.org\/en\/wp-json\/wp\/v2\/comments?post=3038"}],"version-history":[{"count":31,"href":"https:\/\/genteayudandogentesv.org\/en\/wp-json\/wp\/v2\/pages\/3038\/revisions"}],"predecessor-version":[{"id":3097,"href":"https:\/\/genteayudandogentesv.org\/en\/wp-json\/wp\/v2\/pages\/3038\/revisions\/3097"}],"wp:attachment":[{"href":"https:\/\/genteayudandogentesv.org\/en\/wp-json\/wp\/v2\/media?parent=3038"}],"curies":[{"name":"wp","href":"https:\/\/api.w.org\/{rel}","templated":true}]}}