{"id":3069,"date":"2026-01-21T18:32:12","date_gmt":"2026-01-21T18:32:12","guid":{"rendered":"https:\/\/genteayudandogentesv.org\/?page_id=3069"},"modified":"2026-02-24T06:00:51","modified_gmt":"2026-02-24T06:00:51","slug":"donar","status":"publish","type":"page","link":"https:\/\/genteayudandogentesv.org\/en\/donar\/","title":{"rendered":"Give"},"content":{"rendered":"\t\t<div data-elementor-type=\"wp-page\" data-elementor-id=\"3069\" class=\"elementor elementor-3069\">\n\t\t\t\t\t\t\t\t\t<section class=\"elementor-section elementor-top-section elementor-element elementor-element-e851575 elementor-section-boxed elementor-section-height-default elementor-section-height-default\" data-id=\"e851575\" data-element_type=\"section\">\n\t\t\t\t\t\t<div class=\"elementor-container elementor-column-gap-default\">\n\t\t\t\t\t<div class=\"elementor-column elementor-col-100 elementor-top-column elementor-element elementor-element-bf4d308\" data-id=\"bf4d308\" data-element_type=\"column\">\n\t\t\t<div class=\"elementor-widget-wrap elementor-element-populated\">\n\t\t\t\t\t\t\t\t<div class=\"elementor-element elementor-element-4ab80f5 elementor-widget elementor-widget-heading\" data-id=\"4ab80f5\" data-element_type=\"widget\" data-widget_type=\"heading.default\">\n\t\t\t\t<div class=\"elementor-widget-container\">\n\t\t\t<style>\/*! elementor - v3.7.7 - 20-09-2022 *\/\n.elementor-heading-title{padding:0;margin:0;line-height:1}.elementor-widget-heading .elementor-heading-title[class*=elementor-size-]>a{color:inherit;font-size:inherit;line-height:inherit}.elementor-widget-heading .elementor-heading-title.elementor-size-small{font-size:15px}.elementor-widget-heading .elementor-heading-title.elementor-size-medium{font-size:19px}.elementor-widget-heading .elementor-heading-title.elementor-size-large{font-size:29px}.elementor-widget-heading .elementor-heading-title.elementor-size-xl{font-size:39px}.elementor-widget-heading .elementor-heading-title.elementor-size-xxl{font-size:59px}<\/style><h2 class=\"elementor-heading-title elementor-size-default\">Tu donaci\u00f3n cambia vidas<\/h2>\t\t<\/div>\n\t\t\t\t<\/div>\n\t\t\t\t<div class=\"elementor-element elementor-element-9aa6c0f elementor-widget elementor-widget-heading\" data-id=\"9aa6c0f\" data-element_type=\"widget\" data-widget_type=\"heading.default\">\n\t\t\t\t<div class=\"elementor-widget-container\">\n\t\t\t<h2 class=\"elementor-heading-title elementor-size-default\">Elige desde d\u00f3nde deseas donar para brindarte la mejor experiencia posible<\/h2>\t\t<\/div>\n\t\t\t\t<\/div>\n\t\t\t\t<section class=\"elementor-section elementor-inner-section elementor-element elementor-element-7926595 elementor-section-boxed elementor-section-height-default elementor-section-height-default\" data-id=\"7926595\" data-element_type=\"section\">\n\t\t\t\t\t\t<div class=\"elementor-container elementor-column-gap-default\">\n\t\t\t\t\t<div class=\"elementor-column elementor-col-50 elementor-inner-column elementor-element elementor-element-6e2d36f\" data-id=\"6e2d36f\" data-element_type=\"column\">\n\t\t\t<div class=\"elementor-widget-wrap elementor-element-populated\">\n\t\t\t\t\t\t\t\t<div class=\"elementor-element elementor-element-81d7bc2 elementor-widget elementor-widget-image\" data-id=\"81d7bc2\" data-element_type=\"widget\" data-widget_type=\"image.default\">\n\t\t\t\t<div class=\"elementor-widget-container\">\n\t\t\t<style>\/*! elementor - v3.7.7 - 20-09-2022 *\/\n.elementor-widget-image{text-align:center}.elementor-widget-image a{display:inline-block}.elementor-widget-image a img[src$=\".svg\"]{width:48px}.elementor-widget-image img{vertical-align:middle;display:inline-block}<\/style>\t\t\t\t\t\t\t\t\t\t\t\t<img width=\"525\" height=\"296\" src=\"https:\/\/genteayudandogentesv.org\/wp-content\/uploads\/2026\/01\/Flag_of_El_Salvador.webp\" class=\"attachment-large size-large\" alt=\"\" loading=\"lazy\" srcset=\"https:\/\/genteayudandogentesv.org\/wp-content\/uploads\/2026\/01\/Flag_of_El_Salvador.webp 1005w, https:\/\/genteayudandogentesv.org\/wp-content\/uploads\/2026\/01\/Flag_of_El_Salvador-300x169.webp 300w, https:\/\/genteayudandogentesv.org\/wp-content\/uploads\/2026\/01\/Flag_of_El_Salvador-768x433.webp 768w, https:\/\/genteayudandogentesv.org\/wp-content\/uploads\/2026\/01\/Flag_of_El_Salvador-600x339.webp 600w\" sizes=\"(max-width: 525px) 100vw, 525px\" \/>\t\t\t\t\t\t\t\t\t\t\t\t\t\t\t<\/div>\n\t\t\t\t<\/div>\n\t\t\t\t<div class=\"elementor-element elementor-element-16b51cb elementor-align-center elementor-widget elementor-widget-button\" data-id=\"16b51cb\" data-element_type=\"widget\" data-widget_type=\"button.default\">\n\t\t\t\t<div class=\"elementor-widget-container\">\n\t\t\t\t\t<div class=\"elementor-button-wrapper\">\n\t\t\t<a href=\"https:\/\/niuapp.io\/payments\/2466\/27462510\/27462510\" target=\"_blank\" class=\"elementor-button-link elementor-button elementor-size-sm\" role=\"button\">\n\t\t\t\t\t\t<span class=\"elementor-button-content-wrapper\">\n\t\t\t\t\t\t<span class=\"elementor-button-text\">Donar desde El Salvador <\/span>\n\t\t<\/span>\n\t\t\t\t\t<\/a>\n\t\t<\/div>\n\t\t\t\t<\/div>\n\t\t\t\t<\/div>\n\t\t\t\t<div class=\"elementor-element elementor-element-b247879 elementor-widget elementor-widget-text-editor\" data-id=\"b247879\" data-element_type=\"widget\" data-widget_type=\"text-editor.default\">\n\t\t\t\t<div class=\"elementor-widget-container\">\n\t\t\t<style>\/*! elementor - v3.7.7 - 20-09-2022 *\/\n.elementor-widget-text-editor.elementor-drop-cap-view-stacked .elementor-drop-cap{background-color:#818a91;color:#fff}.elementor-widget-text-editor.elementor-drop-cap-view-framed .elementor-drop-cap{color:#818a91;border:3px solid;background-color:transparent}.elementor-widget-text-editor:not(.elementor-drop-cap-view-default) .elementor-drop-cap{margin-top:8px}.elementor-widget-text-editor:not(.elementor-drop-cap-view-default) .elementor-drop-cap-letter{width:1em;height:1em}.elementor-widget-text-editor .elementor-drop-cap{float:left;text-align:center;line-height:1;font-size:50px}.elementor-widget-text-editor .elementor-drop-cap-letter{display:inline-block}<\/style>\t\t\t\t<p>Donaciones en USD con m\u00e9todos locales<\/p>\t\t\t\t\t\t<\/div>\n\t\t\t\t<\/div>\n\t\t\t\t\t<\/div>\n\t\t<\/div>\n\t\t\t\t<div class=\"elementor-column elementor-col-50 elementor-inner-column elementor-element elementor-element-fa82659\" data-id=\"fa82659\" data-element_type=\"column\">\n\t\t\t<div class=\"elementor-widget-wrap elementor-element-populated\">\n\t\t\t\t\t\t\t\t<div class=\"elementor-element elementor-element-3e2976a elementor-view-default elementor-widget elementor-widget-icon\" data-id=\"3e2976a\" data-element_type=\"widget\" data-widget_type=\"icon.default\">\n\t\t\t\t<div class=\"elementor-widget-container\">\n\t\t\t\t\t<div class=\"elementor-icon-wrapper\">\n\t\t\t<div class=\"elementor-icon\">\n\t\t\t<i aria-hidden=\"true\" class=\"fas fa-globe-americas\"><\/i>\t\t\t<\/div>\n\t\t<\/div>\n\t\t\t\t<\/div>\n\t\t\t\t<\/div>\n\t\t\t\t<div class=\"elementor-element elementor-element-b92ec98 elementor-align-center elementor-widget elementor-widget-button\" data-id=\"b92ec98\" data-element_type=\"widget\" data-widget_type=\"button.default\">\n\t\t\t\t<div class=\"elementor-widget-container\">\n\t\t\t\t\t<div class=\"elementor-button-wrapper\">\n\t\t\t<a href=\"https:\/\/www.paypal.com\/ncp\/payment\/PFS275CZ4C73C\" target=\"_blank\" class=\"elementor-button-link elementor-button elementor-size-sm\" role=\"button\">\n\t\t\t\t\t\t<span class=\"elementor-button-content-wrapper\">\n\t\t\t\t\t\t<span class=\"elementor-button-text\">Donar desde el extranjero<\/span>\n\t\t<\/span>\n\t\t\t\t\t<\/a>\n\t\t<\/div>\n\t\t\t\t<\/div>\n\t\t\t\t<\/div>\n\t\t\t\t<div class=\"elementor-element elementor-element-1ade9ec elementor-widget elementor-widget-text-editor\" data-id=\"1ade9ec\" data-element_type=\"widget\" data-widget_type=\"text-editor.default\">\n\t\t\t\t<div class=\"elementor-widget-container\">\n\t\t\t\t\t\t\t<p>Donaciones internacionales con tarjeta o transferencias globales<\/p>\t\t\t\t\t\t<\/div>\n\t\t\t\t<\/div>\n\t\t\t\t\t<\/div>\n\t\t<\/div>\n\t\t\t\t\t\t\t<\/div>\n\t\t<\/section>\n\t\t\t\t<section class=\"elementor-section elementor-inner-section elementor-element elementor-element-7e8611d elementor-section-boxed elementor-section-height-default elementor-section-height-default\" data-id=\"7e8611d\" data-element_type=\"section\">\n\t\t\t\t\t\t<div class=\"elementor-container elementor-column-gap-default\">\n\t\t\t\t\t<div class=\"elementor-column elementor-col-33 elementor-inner-column elementor-element elementor-element-9794f0b\" data-id=\"9794f0b\" data-element_type=\"column\">\n\t\t\t<div class=\"elementor-widget-wrap\">\n\t\t\t\t\t\t\t\t\t<\/div>\n\t\t<\/div>\n\t\t\t\t<div class=\"elementor-column elementor-col-33 elementor-inner-column elementor-element elementor-element-aebcbd8\" data-id=\"aebcbd8\" data-element_type=\"column\">\n\t\t\t<div class=\"elementor-widget-wrap elementor-element-populated\">\n\t\t\t\t\t\t\t\t<div class=\"elementor-element elementor-element-f11df68 elementor-widget elementor-widget-image\" data-id=\"f11df68\" data-element_type=\"widget\" data-widget_type=\"image.default\">\n\t\t\t\t<div class=\"elementor-widget-container\">\n\t\t\t\t\t\t\t\t\t\t\t\t\t\t\t<img width=\"525\" height=\"276\" src=\"https:\/\/genteayudandogentesv.org\/wp-content\/uploads\/2026\/02\/Flag_of_the_United_States.svg-1024x539.webp\" class=\"attachment-large size-large\" alt=\"\" loading=\"lazy\" srcset=\"https:\/\/genteayudandogentesv.org\/wp-content\/uploads\/2026\/02\/Flag_of_the_United_States.svg-1024x539.webp 1024w, https:\/\/genteayudandogentesv.org\/wp-content\/uploads\/2026\/02\/Flag_of_the_United_States.svg-300x158.webp 300w, https:\/\/genteayudandogentesv.org\/wp-content\/uploads\/2026\/02\/Flag_of_the_United_States.svg-768x404.webp 768w, https:\/\/genteayudandogentesv.org\/wp-content\/uploads\/2026\/02\/Flag_of_the_United_States.svg-600x316.webp 600w, https:\/\/genteayudandogentesv.org\/wp-content\/uploads\/2026\/02\/Flag_of_the_United_States.svg.webp 1280w\" sizes=\"(max-width: 525px) 100vw, 525px\" \/>\t\t\t\t\t\t\t\t\t\t\t\t\t\t\t<\/div>\n\t\t\t\t<\/div>\n\t\t\t\t<div class=\"elementor-element elementor-element-a4cecab elementor-align-center elementor-widget elementor-widget-button\" data-id=\"a4cecab\" data-element_type=\"widget\" data-widget_type=\"button.default\">\n\t\t\t\t<div class=\"elementor-widget-container\">\n\t\t\t\t\t<div class=\"elementor-button-wrapper\">\n\t\t\t<a href=\"mailto:info@phpnetwork.org\" target=\"_blank\" class=\"elementor-button-link elementor-button elementor-size-sm\" role=\"button\">\n\t\t\t\t\t\t<span class=\"elementor-button-content-wrapper\">\n\t\t\t\t\t\t<span class=\"elementor-button-text\">Donar desde Estados Unidos<\/span>\n\t\t<\/span>\n\t\t\t\t\t<\/a>\n\t\t<\/div>\n\t\t\t\t<\/div>\n\t\t\t\t<\/div>\n\t\t\t\t<div class=\"elementor-element elementor-element-7fcd5f9 elementor-widget elementor-widget-text-editor\" data-id=\"7fcd5f9\" data-element_type=\"widget\" data-widget_type=\"text-editor.default\">\n\t\t\t\t<div class=\"elementor-widget-container\">\n\t\t\t\t\t\t\t<p data-start=\"65\" data-end=\"194\">Si resides en los Estados Unidos y deseas recibir un comprobante para efectos fiscales, puedes realizar tu donaci\u00f3n envi\u00e1ndola a:<\/p><p data-start=\"65\" data-end=\"194\">\u00a0<\/p><p data-start=\"65\" data-end=\"194\"><strong data-start=\"196\" data-end=\"221\">People Helping People<\/strong><\/p><p data-start=\"65\" data-end=\"194\"><a href=\"mailto:info@phpnetwork.org\">info@phpnetwork.org<\/a><br data-start=\"221\" data-end=\"224\" \/>3205 Madison Ave.<br data-start=\"241\" data-end=\"244\" \/>Indianapolis, IN 46227<\/p><p data-start=\"65\" data-end=\"194\">\u00a0<\/p><p data-start=\"65\" data-end=\"194\">De conformidad con la normativa vigente, nuestra organizaci\u00f3n se encuentra exenta del registro en el RAEX.<\/p>\t\t\t\t\t\t<\/div>\n\t\t\t\t<\/div>\n\t\t\t\t\t<\/div>\n\t\t<\/div>\n\t\t\t\t<div class=\"elementor-column elementor-col-33 elementor-inner-column elementor-element elementor-element-7cc9f6b\" data-id=\"7cc9f6b\" data-element_type=\"column\">\n\t\t\t<div class=\"elementor-widget-wrap\">\n\t\t\t\t\t\t\t\t\t<\/div>\n\t\t<\/div>\n\t\t\t\t\t\t\t<\/div>\n\t\t<\/section>\n\t\t\t\t\t<\/div>\n\t\t<\/div>\n\t\t\t\t\t\t\t<\/div>\n\t\t<\/section>\n\t\t\t\t\t\t\t<\/div>\n\t\t","protected":false},"excerpt":{"rendered":"<p>Tu donaci\u00f3n cambia vidas Elige desde d\u00f3nde deseas donar para brindarte la mejor experiencia posible Donar desde El Salvador Donaciones en USD con m\u00e9todos locales Donar desde el extranjero Donaciones [&hellip;]<\/p>\n","protected":false},"author":1,"featured_media":0,"parent":0,"menu_order":0,"comment_status":"closed","ping_status":"closed","template":"","meta":[],"_links":{"self":[{"href":"https:\/\/genteayudandogentesv.org\/en\/wp-json\/wp\/v2\/pages\/3069"}],"collection":[{"href":"https:\/\/genteayudandogentesv.org\/en\/wp-json\/wp\/v2\/pages"}],"about":[{"href":"https:\/\/genteayudandogentesv.org\/en\/wp-json\/wp\/v2\/types\/page"}],"author":[{"embeddable":true,"href":"https:\/\/genteayudandogentesv.org\/en\/wp-json\/wp\/v2\/users\/1"}],"replies":[{"embeddable":true,"href":"https:\/\/genteayudandogentesv.org\/en\/wp-json\/wp\/v2\/comments?post=3069"}],"version-history":[{"count":43,"href":"https:\/\/genteayudandogentesv.org\/en\/wp-json\/wp\/v2\/pages\/3069\/revisions"}],"predecessor-version":[{"id":3392,"href":"https:\/\/genteayudandogentesv.org\/en\/wp-json\/wp\/v2\/pages\/3069\/revisions\/3392"}],"wp:attachment":[{"href":"https:\/\/genteayudandogentesv.org\/en\/wp-json\/wp\/v2\/media?parent=3069"}],"curies":[{"name":"wp","href":"https:\/\/api.w.org\/{rel}","templated":true}]}}