{"id":3351,"date":"2026-02-24T05:28:39","date_gmt":"2026-02-24T05:28:39","guid":{"rendered":"https:\/\/genteayudandogentesv.org\/?page_id=3351"},"modified":"2026-02-24T05:50:52","modified_gmt":"2026-02-24T05:50:52","slug":"laboratorio-clinico","status":"publish","type":"page","link":"https:\/\/genteayudandogentesv.org\/en\/laboratorio-clinico\/","title":{"rendered":"Clinical Laboratory"},"content":{"rendered":"<div data-elementor-type=\"wp-page\" data-elementor-id=\"3351\" class=\"elementor elementor-3351\">\n\t\t\t\t\t\t\t\t\t<section class=\"elementor-section elementor-top-section elementor-element elementor-element-45f6318 elementor-section-full_width elementor-section-height-default elementor-section-height-default\" data-id=\"45f6318\" data-element_type=\"section\">\n\t\t\t\t\t\t<div class=\"elementor-container elementor-column-gap-default\">\n\t\t\t\t\t<div class=\"elementor-column elementor-col-100 elementor-top-column elementor-element elementor-element-be0a1ef\" data-id=\"be0a1ef\" data-element_type=\"column\">\n\t\t\t<div class=\"elementor-widget-wrap elementor-element-populated\">\n\t\t\t\t\t\t\t\t<div class=\"elementor-element elementor-element-21a280a elementor-widget elementor-widget-purehearts_about_us_v2\" data-id=\"21a280a\" data-element_type=\"widget\" data-widget_type=\"purehearts_about_us_v2.default\">\n\t\t\t\t<div class=\"elementor-widget-container\">\n\t\t\t        \n        <!-- about-style-two -->\n        <section class=\"about-style-two sec-pad\">\n            <div class=\"auto-container\">\n                <div class=\"row clearfix\">\n                    <div class=\"col-lg-8 col-md-12 col-sm-12 content-column\">\n                        <div class=\"content_block_4\">\n                            <div class=\"content-box\">\n                                                                                                <div class=\"chart-box\">\n                                    <figure class=\"chart-image\"><img src=\"https:\/\/genteayudandogentesv.org\/wp-content\/uploads\/2026\/02\/diagnostico-cancer-de-prostata.png\" alt=\"Awesome Image\"><\/figure>                                                                                                            <ul class=\"clearfix\">\n                                                                                <li><b>The statistics reflect a reality that deserves attention and prevention.<\/b><\/li>\n                                                                            <\/ul>\n                                                                    <\/div>\n                                <figure class=\"image-box\"><img src=\"https:\/\/genteayudandogentesv.org\/wp-content\/uploads\/2025\/10\/deteccion_temprana_cancer_de_seno-Gente-Ayudando-Gente_11-scaled.webp\" alt=\"Awesome Image\"><\/figure>                            <\/div>\n                        <\/div>\n                    <\/div>\n                    <div class=\"col-lg-4 col-md-12 col-sm-12 content-column\">\n                        <div class=\"content_block_5\">\n                            <div class=\"content-box\">\n                                                                <div class=\"sec-title style-two\">\n                                    <span class=\"top-text\">Program <\/span>                                    <h2>Clinical Laboratory<\/h2>                                <\/div>\n                                                                                                <div class=\"text\">\n                                    In May 2025, our Clinical Laboratory opened its doors with a clear purpose: to provide access to quality studies that strengthen health.                                <\/div>\n                                                                \n                                <div class=\"inner-box\">\n                                                                        <div class=\"single-item\">\n                                        <div class=\"icon-box\"><i class=\"fa fa-bullseye\"><\/i><\/div>\n                                        <h3><\/h3>\n                                        <p>We know that behind every analysis there is a person, a family and a future that deserves care and attention.<\/p>\n                                    <\/div>\n                                                                        <div class=\"single-item\">\n                                        <div class=\"icon-box\"><i class=\"icon-loving\"><\/i><\/div>\n                                        <h3><\/h3>\n                                        <p>That's why we combine technology, precision, and human warmth, so that every diagnosis is more than just a number: it's a tool for prevention, well-being, and hope.<\/p>\n                                    <\/div>\n                                                                    <\/div>\n                                                                <div class=\"btn-box\">\n                                    <a href=\"\/en\/donar\/\" class=\"theme-btn btn-one\">Donate to the program<\/a>\n                                <\/div>\n                                                                \n                            <\/div>\n                        <\/div>\n                    <\/div>\n                <\/div>\n            <\/div>\n        <\/section>\n        <!-- about-style-two end -->\n                \n\t\t\t\t<\/div>\n\t\t\t\t<\/div>\n\t\t\t\t\t<\/div>\n\t\t<\/div>\n\t\t\t\t\t\t\t<\/div>\n\t\t<\/section>\n\t\t\t\t\t\t\t<\/div>","protected":false},"excerpt":{"rendered":"<p>Las estad\u00edsticas reflejan una realidad que merece atenci\u00f3n y prevenci\u00f3n. Programa Laboratorio Cl\u00ednico En Mayo 2025, nuestro Laboratorio Cl\u00ednico abri\u00f3 sus puertas con un prop\u00f3sito claro: brindar acceso a estudios [&hellip;]<\/p>\n","protected":false},"author":1,"featured_media":0,"parent":0,"menu_order":0,"comment_status":"closed","ping_status":"closed","template":"","meta":[],"_links":{"self":[{"href":"https:\/\/genteayudandogentesv.org\/en\/wp-json\/wp\/v2\/pages\/3351"}],"collection":[{"href":"https:\/\/genteayudandogentesv.org\/en\/wp-json\/wp\/v2\/pages"}],"about":[{"href":"https:\/\/genteayudandogentesv.org\/en\/wp-json\/wp\/v2\/types\/page"}],"author":[{"embeddable":true,"href":"https:\/\/genteayudandogentesv.org\/en\/wp-json\/wp\/v2\/users\/1"}],"replies":[{"embeddable":true,"href":"https:\/\/genteayudandogentesv.org\/en\/wp-json\/wp\/v2\/comments?post=3351"}],"version-history":[{"count":16,"href":"https:\/\/genteayudandogentesv.org\/en\/wp-json\/wp\/v2\/pages\/3351\/revisions"}],"predecessor-version":[{"id":3374,"href":"https:\/\/genteayudandogentesv.org\/en\/wp-json\/wp\/v2\/pages\/3351\/revisions\/3374"}],"wp:attachment":[{"href":"https:\/\/genteayudandogentesv.org\/en\/wp-json\/wp\/v2\/media?parent=3351"}],"curies":[{"name":"wp","href":"https:\/\/api.w.org\/{rel}","templated":true}]}}