{"id":1757,"date":"2022-10-03T23:47:40","date_gmt":"2022-10-03T23:47:40","guid":{"rendered":"http:\/\/localhost\/gag_site\/?post_type=product&#038;p=1757"},"modified":"2024-09-04T17:25:42","modified_gmt":"2024-09-04T17:25:42","slug":"donacion-para-vivienda-sostenible","status":"publish","type":"product","link":"https:\/\/genteayudandogentesv.org\/en\/proyecto\/donacion-para-vivienda-sostenible\/","title":{"rendered":"Donation for Sustainable Housing"},"content":{"rendered":"","protected":false},"excerpt":{"rendered":"<p>La Asociaci\u00f3n Gente Ayudando Gente, en alianza con <strong>The Fuller Center For Housing<\/strong>, <strong>New Story Charity<\/strong>, <strong>The People Helping People Network<\/strong> y las alcald\u00edas municipales, ofrece un programa de financiamiento para que familias de bajos recursos accedan a una vivienda digna. Gracias a estas alianzas, han construido 13 comunidades completas, beneficiando a 778 familias y a m\u00e1s de 2,712 personas. Actualmente, est\u00e1n trabajando en dos proyectos adicionales que, en colaboraci\u00f3n con <strong>The People Helping People Network<\/strong>, <strong>The Fuller Center for Housing<\/strong> y <strong>New Story Charity<\/strong>, a\u00f1adir\u00e1n 223 viviendas, impactando a m\u00e1s de 1,040 personas. Adem\u00e1s, aseguran acceso a educaci\u00f3n, nutrici\u00f3n, salud y oportunidades de emprendimiento para estas familias.<\/p>","protected":false},"featured_media":1781,"comment_status":"closed","ping_status":"closed","template":"","meta":[],"product_cat":[66],"product_tag":[],"_links":{"self":[{"href":"https:\/\/genteayudandogentesv.org\/en\/wp-json\/wp\/v2\/product\/1757"}],"collection":[{"href":"https:\/\/genteayudandogentesv.org\/en\/wp-json\/wp\/v2\/product"}],"about":[{"href":"https:\/\/genteayudandogentesv.org\/en\/wp-json\/wp\/v2\/types\/product"}],"replies":[{"embeddable":true,"href":"https:\/\/genteayudandogentesv.org\/en\/wp-json\/wp\/v2\/comments?post=1757"}],"wp:featuredmedia":[{"embeddable":true,"href":"https:\/\/genteayudandogentesv.org\/en\/wp-json\/wp\/v2\/media\/1781"}],"wp:attachment":[{"href":"https:\/\/genteayudandogentesv.org\/en\/wp-json\/wp\/v2\/media?parent=1757"}],"wp:term":[{"taxonomy":"product_cat","embeddable":true,"href":"https:\/\/genteayudandogentesv.org\/en\/wp-json\/wp\/v2\/product_cat?post=1757"},{"taxonomy":"product_tag","embeddable":true,"href":"https:\/\/genteayudandogentesv.org\/en\/wp-json\/wp\/v2\/product_tag?post=1757"}],"curies":[{"name":"wp","href":"https:\/\/api.w.org\/{rel}","templated":true}]}}